{"id":2810,"date":"2022-02-02T19:16:17","date_gmt":"2022-02-02T18:16:17","guid":{"rendered":"https:\/\/www.capomilazzodivingcenter.com\/?page_id=2810"},"modified":"2022-02-02T19:36:34","modified_gmt":"2022-02-02T18:36:34","slug":"secca-di-ponente","status":"publish","type":"page","link":"https:\/\/www.capomilazzodivingcenter.com\/?page_id=2810","title":{"rendered":"Secca di Ponente"},"content":{"rendered":"\t\t<div data-elementor-type=\"wp-page\" data-elementor-id=\"2810\" class=\"elementor elementor-2810\" data-elementor-post-type=\"page\">\n\t\t\t\t\t\t<section class=\"elementor-section elementor-top-section elementor-element elementor-element-74c2557 elementor-section-full_width elementor-section-height-min-height elementor-section-stretched elementor-section-height-default elementor-section-items-middle\" data-id=\"74c2557\" data-element_type=\"section\" data-settings=\"{&quot;background_background&quot;:&quot;slideshow&quot;,&quot;shape_divider_bottom&quot;:&quot;waves&quot;,&quot;stretch_section&quot;:&quot;section-stretched&quot;,&quot;background_slideshow_gallery&quot;:[{&quot;id&quot;:2710,&quot;url&quot;:&quot;https:\\\/\\\/www.capomilazzodivingcenter.com\\\/wp-content\\\/uploads\\\/2022\\\/02\\\/slide4.jpg&quot;}],&quot;background_slideshow_loop&quot;:&quot;yes&quot;,&quot;background_slideshow_slide_duration&quot;:5000,&quot;background_slideshow_slide_transition&quot;:&quot;fade&quot;,&quot;background_slideshow_transition_duration&quot;:500}\">\n\t\t\t\t\t\t\t<div class=\"elementor-background-overlay\"><\/div>\n\t\t\t\t\t\t<div class=\"elementor-shape elementor-shape-bottom\" aria-hidden=\"true\" data-negative=\"false\">\n\t\t\t<svg xmlns=\"http:\/\/www.w3.org\/2000\/svg\" viewBox=\"0 0 1000 100\" preserveAspectRatio=\"none\">\n\t<path class=\"elementor-shape-fill\" d=\"M421.9,6.5c22.6-2.5,51.5,0.4,75.5,5.3c23.6,4.9,70.9,23.5,100.5,35.7c75.8,32.2,133.7,44.5,192.6,49.7\n\tc23.6,2.1,48.7,3.5,103.4-2.5c54.7-6,106.2-25.6,106.2-25.6V0H0v30.3c0,0,72,32.6,158.4,30.5c39.2-0.7,92.8-6.7,134-22.4\n\tc21.2-8.1,52.2-18.2,79.7-24.2C399.3,7.9,411.6,7.5,421.9,6.5z\"\/>\n<\/svg>\t\t<\/div>\n\t\t\t\t\t<div class=\"elementor-container elementor-column-gap-default\">\n\t\t\t\t\t<div class=\"elementor-column elementor-col-100 elementor-top-column elementor-element elementor-element-94a77cd\" data-id=\"94a77cd\" data-element_type=\"column\">\n\t\t\t<div class=\"elementor-widget-wrap elementor-element-populated\">\n\t\t\t\t\t\t<div class=\"elementor-element elementor-element-4133da0 elementor-headline--style-highlight elementor-widget elementor-widget-animated-headline\" data-id=\"4133da0\" data-element_type=\"widget\" data-settings=\"{&quot;marker&quot;:&quot;curly&quot;,&quot;highlighted_text&quot;:&quot;Secca di Ponente&quot;,&quot;headline_style&quot;:&quot;highlight&quot;,&quot;loop&quot;:&quot;yes&quot;,&quot;highlight_animation_duration&quot;:1200,&quot;highlight_iteration_delay&quot;:8000}\" data-widget_type=\"animated-headline.default\">\n\t\t\t\t<div class=\"elementor-widget-container\">\n\t\t\t\t\t\t\t<h3 class=\"elementor-headline\">\n\t\t\t\t<span class=\"elementor-headline-dynamic-wrapper elementor-headline-text-wrapper\">\n\t\t\t\t\t<span class=\"elementor-headline-dynamic-text elementor-headline-text-active\">Secca di Ponente<\/span>\n\t\t\t\t<\/span>\n\t\t\t\t<\/h3>\n\t\t\t\t\t\t<\/div>\n\t\t\t\t<\/div>\n\t\t\t\t\t<\/div>\n\t\t<\/div>\n\t\t\t\t\t<\/div>\n\t\t<\/section>\n\t\t\t\t<section class=\"elementor-section elementor-top-section elementor-element elementor-element-03d1065 elementor-section-boxed elementor-section-height-default elementor-section-height-default\" data-id=\"03d1065\" data-element_type=\"section\" data-settings=\"{&quot;background_background&quot;:&quot;gradient&quot;,&quot;shape_divider_top&quot;:&quot;waves&quot;,&quot;shape_divider_bottom&quot;:&quot;waves&quot;}\">\n\t\t\t\t\t\t\t<div class=\"elementor-background-overlay\"><\/div>\n\t\t\t\t\t\t<div class=\"elementor-shape elementor-shape-top\" aria-hidden=\"true\" data-negative=\"false\">\n\t\t\t<svg xmlns=\"http:\/\/www.w3.org\/2000\/svg\" viewBox=\"0 0 1000 100\" preserveAspectRatio=\"none\">\n\t<path class=\"elementor-shape-fill\" d=\"M421.9,6.5c22.6-2.5,51.5,0.4,75.5,5.3c23.6,4.9,70.9,23.5,100.5,35.7c75.8,32.2,133.7,44.5,192.6,49.7\n\tc23.6,2.1,48.7,3.5,103.4-2.5c54.7-6,106.2-25.6,106.2-25.6V0H0v30.3c0,0,72,32.6,158.4,30.5c39.2-0.7,92.8-6.7,134-22.4\n\tc21.2-8.1,52.2-18.2,79.7-24.2C399.3,7.9,411.6,7.5,421.9,6.5z\"\/>\n<\/svg>\t\t<\/div>\n\t\t\t\t<div class=\"elementor-shape elementor-shape-bottom\" aria-hidden=\"true\" data-negative=\"false\">\n\t\t\t<svg xmlns=\"http:\/\/www.w3.org\/2000\/svg\" viewBox=\"0 0 1000 100\" preserveAspectRatio=\"none\">\n\t<path class=\"elementor-shape-fill\" d=\"M421.9,6.5c22.6-2.5,51.5,0.4,75.5,5.3c23.6,4.9,70.9,23.5,100.5,35.7c75.8,32.2,133.7,44.5,192.6,49.7\n\tc23.6,2.1,48.7,3.5,103.4-2.5c54.7-6,106.2-25.6,106.2-25.6V0H0v30.3c0,0,72,32.6,158.4,30.5c39.2-0.7,92.8-6.7,134-22.4\n\tc21.2-8.1,52.2-18.2,79.7-24.2C399.3,7.9,411.6,7.5,421.9,6.5z\"\/>\n<\/svg>\t\t<\/div>\n\t\t\t\t\t<div class=\"elementor-container elementor-column-gap-default\">\n\t\t\t\t\t<div class=\"elementor-column elementor-col-100 elementor-top-column elementor-element elementor-element-4c12584\" data-id=\"4c12584\" data-element_type=\"column\">\n\t\t\t<div class=\"elementor-widget-wrap elementor-element-populated\">\n\t\t\t\t\t\t<div class=\"elementor-element elementor-element-d089b28 elementor-widget-divider--view-line_icon elementor-view-default elementor-widget-divider--element-align-center elementor-widget elementor-widget-divider\" data-id=\"d089b28\" data-element_type=\"widget\" data-widget_type=\"divider.default\">\n\t\t\t\t<div class=\"elementor-widget-container\">\n\t\t\t\t\t\t\t<div class=\"elementor-divider\">\n\t\t\t<span class=\"elementor-divider-separator\">\n\t\t\t\t\t\t\t<div class=\"elementor-icon elementor-divider__element\">\n\t\t\t\t\t<i aria-hidden=\"true\" class=\"fas fa-sun\"><\/i><\/div>\n\t\t\t\t\t\t<\/span>\n\t\t<\/div>\n\t\t\t\t\t\t<\/div>\n\t\t\t\t<\/div>\n\t\t\t\t<section class=\"elementor-section elementor-inner-section elementor-element elementor-element-34096c8 elementor-section-full_width elementor-section-height-default elementor-section-height-default\" data-id=\"34096c8\" data-element_type=\"section\">\n\t\t\t\t\t\t<div class=\"elementor-container elementor-column-gap-default\">\n\t\t\t\t\t<div class=\"elementor-column elementor-col-100 elementor-inner-column elementor-element elementor-element-6c6f2ad\" data-id=\"6c6f2ad\" data-element_type=\"column\">\n\t\t\t<div class=\"elementor-widget-wrap elementor-element-populated\">\n\t\t\t\t\t\t<div class=\"elementor-element elementor-element-155de4f text-justify elementor-widget elementor-widget-tp-adv-text-block\" data-id=\"155de4f\" data-element_type=\"widget\" data-widget_type=\"tp-adv-text-block.default\">\n\t\t\t\t<div class=\"elementor-widget-container\">\n\t\t\t\t\t<div class=\"pt-plus-text-block-wrapper\" ><div class=\"text_block_parallax\"><div class=\"pt_plus_adv_text_block animate-general\"  data-animate-type=\"transition.slideUpIn\" data-animate-delay=\"50\" data-animate-offset=\"85%\"><div class=\"text-content-block\"><p>Cinquecento metri a largo da Punta Gamba di Donna, un miglio a ovest della Secca di Levante, il fondale risale fino a -13 m dando vita alla \u201c<strong>Secca di Ponente<\/strong>\u201d che, per la sua ricchezza, \u00e8 uno dei punti pi\u00f9 belli del Promontorio dove effettuare immersioni con le bombole. Sono pi\u00f9 di cinque i percorsi che si possono seguire, a ognuno dei quali si consiglia di dedicare un singolo tuffo. <br \/>La caratteristica principale \u00e8 la presenza di una grande variet\u00e0 e quantit\u00e0 di gorgonie. In successione verso le profondit\u00e0, la prima che incontriamo \u00e8 la Gorgonia bianca, poi la gialla ed ancora pi\u00f9 gi\u00f9 (ma gi\u00e0 dai 30 metri) grandi \u201cventagli\u201d di Gorgonia rossa (<strong>Paramuricea clavata<\/strong>), localmente chiamata \u201c<strong>\u00e0 pammaredda<\/strong>\u201d, sui cui rami si vedono talvolta coloratissimi alcionari parassiti come il <strong>Parerythropodium coralloides<\/strong>. Nelle aree di transizione frequentemente sono presenti specie diverse di gorgonie l\u2019una vicino all\u2019altra, che creano straordinari abbinamenti di colore. <br \/>Ma questa secca riserva forti emozioni anche per chi ama vedere la fauna ittica per la grande quantit\u00e0 di pesci che ospita. Gi\u00e0 a mezz\u2019acqua si entra in nuvole di castagnole (<strong>Chromis chromis<\/strong>) che ritroviamo nelle zone pi\u00f9 protette degli scogli, anche nelle forme giovanili dal caratteristico colore blu elettrico. <br \/>L\u2019immersione inizia scendendo sul cappello della secca, che si trova a circa 10 metri di profondit\u00e0: questo \u00e8 popolato da murene, tordi, sciarrani, saraghi e molte altre specie stanziali.<\/p><\/div><\/div><\/div><\/div>\t\t\t\t<\/div>\n\t\t\t\t<\/div>\n\t\t\t\t\t<\/div>\n\t\t<\/div>\n\t\t\t\t\t<\/div>\n\t\t<\/section>\n\t\t\t\t<section class=\"elementor-section elementor-inner-section elementor-element elementor-element-3b2dc14 elementor-section-full_width elementor-section-height-default elementor-section-height-default\" data-id=\"3b2dc14\" data-element_type=\"section\">\n\t\t\t\t\t\t<div class=\"elementor-container elementor-column-gap-default\">\n\t\t\t\t\t<div class=\"elementor-column elementor-col-100 elementor-inner-column elementor-element elementor-element-c5bf4a1\" data-id=\"c5bf4a1\" data-element_type=\"column\">\n\t\t\t<div class=\"elementor-widget-wrap elementor-element-populated\">\n\t\t\t\t\t\t<div class=\"elementor-element elementor-element-36d15e8 elementor-widget elementor-widget-gallery\" data-id=\"36d15e8\" data-element_type=\"widget\" data-settings=\"{&quot;columns&quot;:5,&quot;gap&quot;:{&quot;unit&quot;:&quot;px&quot;,&quot;size&quot;:1,&quot;sizes&quot;:[]},&quot;image_hover_animation&quot;:&quot;grow&quot;,&quot;lazyload&quot;:&quot;yes&quot;,&quot;gallery_layout&quot;:&quot;grid&quot;,&quot;columns_tablet&quot;:2,&quot;columns_mobile&quot;:1,&quot;gap_tablet&quot;:{&quot;unit&quot;:&quot;px&quot;,&quot;size&quot;:10,&quot;sizes&quot;:[]},&quot;gap_mobile&quot;:{&quot;unit&quot;:&quot;px&quot;,&quot;size&quot;:10,&quot;sizes&quot;:[]},&quot;link_to&quot;:&quot;file&quot;,&quot;aspect_ratio&quot;:&quot;3:2&quot;,&quot;overlay_background&quot;:&quot;yes&quot;,&quot;content_hover_animation&quot;:&quot;fade-in&quot;}\" data-widget_type=\"gallery.default\">\n\t\t\t\t<div class=\"elementor-widget-container\">\n\t\t\t\t\t\t\t<div class=\"elementor-gallery__container\">\n\t\t\t\t\t\t\t<a class=\"e-gallery-item elementor-gallery-item elementor-animated-content\" href=\"https:\/\/www.capomilazzodivingcenter.com\/wp-content\/uploads\/2022\/02\/stella1-firm.jpg\" data-elementor-open-lightbox=\"yes\" data-elementor-lightbox-slideshow=\"36d15e8\" data-elementor-lightbox-title=\"stella1 firm\" data-e-action-hash=\"#elementor-action%3Aaction%3Dlightbox%26settings%3DeyJpZCI6Mjc1MSwidXJsIjoiaHR0cHM6XC9cL3d3dy5jYXBvbWlsYXp6b2RpdmluZ2NlbnRlci5jb21cL3dwLWNvbnRlbnRcL3VwbG9hZHNcLzIwMjJcLzAyXC9zdGVsbGExLWZpcm0uanBnIiwic2xpZGVzaG93IjoiMzZkMTVlOCJ9\">\n\t\t\t\t\t<div class=\"e-gallery-image elementor-gallery-item__image\" data-thumbnail=\"https:\/\/www.capomilazzodivingcenter.com\/wp-content\/uploads\/2022\/02\/stella1-firm-300x225.jpg\" data-width=\"300\" data-height=\"225\" aria-label=\"\" role=\"img\" ><\/div>\n\t\t\t\t\t\t\t\t\t\t\t<div class=\"elementor-gallery-item__overlay\"><\/div>\n\t\t\t\t\t\t\t\t\t\t\t\t\t\t<\/a>\n\t\t\t\t\t\t\t<a class=\"e-gallery-item elementor-gallery-item elementor-animated-content\" href=\"https:\/\/www.capomilazzodivingcenter.com\/wp-content\/uploads\/2022\/02\/spugne2-firm.jpg\" data-elementor-open-lightbox=\"yes\" data-elementor-lightbox-slideshow=\"36d15e8\" data-elementor-lightbox-title=\"spugne2 firm\" data-e-action-hash=\"#elementor-action%3Aaction%3Dlightbox%26settings%3DeyJpZCI6Mjc1MCwidXJsIjoiaHR0cHM6XC9cL3d3dy5jYXBvbWlsYXp6b2RpdmluZ2NlbnRlci5jb21cL3dwLWNvbnRlbnRcL3VwbG9hZHNcLzIwMjJcLzAyXC9zcHVnbmUyLWZpcm0uanBnIiwic2xpZGVzaG93IjoiMzZkMTVlOCJ9\">\n\t\t\t\t\t<div class=\"e-gallery-image elementor-gallery-item__image\" data-thumbnail=\"https:\/\/www.capomilazzodivingcenter.com\/wp-content\/uploads\/2022\/02\/spugne2-firm-225x300.jpg\" data-width=\"225\" data-height=\"300\" aria-label=\"\" role=\"img\" ><\/div>\n\t\t\t\t\t\t\t\t\t\t\t<div class=\"elementor-gallery-item__overlay\"><\/div>\n\t\t\t\t\t\t\t\t\t\t\t\t\t\t<\/a>\n\t\t\t\t\t\t\t<a class=\"e-gallery-item elementor-gallery-item elementor-animated-content\" href=\"https:\/\/www.capomilazzodivingcenter.com\/wp-content\/uploads\/2022\/02\/spugne1-firm.jpg\" data-elementor-open-lightbox=\"yes\" data-elementor-lightbox-slideshow=\"36d15e8\" data-elementor-lightbox-title=\"spugne1 firm\" data-e-action-hash=\"#elementor-action%3Aaction%3Dlightbox%26settings%3DeyJpZCI6Mjc0OSwidXJsIjoiaHR0cHM6XC9cL3d3dy5jYXBvbWlsYXp6b2RpdmluZ2NlbnRlci5jb21cL3dwLWNvbnRlbnRcL3VwbG9hZHNcLzIwMjJcLzAyXC9zcHVnbmUxLWZpcm0uanBnIiwic2xpZGVzaG93IjoiMzZkMTVlOCJ9\">\n\t\t\t\t\t<div class=\"e-gallery-image elementor-gallery-item__image\" data-thumbnail=\"https:\/\/www.capomilazzodivingcenter.com\/wp-content\/uploads\/2022\/02\/spugne1-firm-300x225.jpg\" data-width=\"300\" data-height=\"225\" aria-label=\"\" role=\"img\" ><\/div>\n\t\t\t\t\t\t\t\t\t\t\t<div class=\"elementor-gallery-item__overlay\"><\/div>\n\t\t\t\t\t\t\t\t\t\t\t\t\t\t<\/a>\n\t\t\t\t\t\t\t<a class=\"e-gallery-item elementor-gallery-item elementor-animated-content\" href=\"https:\/\/www.capomilazzodivingcenter.com\/wp-content\/uploads\/2022\/02\/Astrospartus1-firm.jpg\" data-elementor-open-lightbox=\"yes\" data-elementor-lightbox-slideshow=\"36d15e8\" data-elementor-lightbox-title=\"Astrospartus1 firm\" data-e-action-hash=\"#elementor-action%3Aaction%3Dlightbox%26settings%3DeyJpZCI6Mjc2MywidXJsIjoiaHR0cHM6XC9cL3d3dy5jYXBvbWlsYXp6b2RpdmluZ2NlbnRlci5jb21cL3dwLWNvbnRlbnRcL3VwbG9hZHNcLzIwMjJcLzAyXC9Bc3Ryb3NwYXJ0dXMxLWZpcm0uanBnIiwic2xpZGVzaG93IjoiMzZkMTVlOCJ9\">\n\t\t\t\t\t<div class=\"e-gallery-image elementor-gallery-item__image\" data-thumbnail=\"https:\/\/www.capomilazzodivingcenter.com\/wp-content\/uploads\/2022\/02\/Astrospartus1-firm-300x193.jpg\" data-width=\"300\" data-height=\"193\" aria-label=\"\" role=\"img\" ><\/div>\n\t\t\t\t\t\t\t\t\t\t\t<div class=\"elementor-gallery-item__overlay\"><\/div>\n\t\t\t\t\t\t\t\t\t\t\t\t\t\t<\/a>\n\t\t\t\t\t\t\t<a class=\"e-gallery-item elementor-gallery-item elementor-animated-content\" href=\"https:\/\/www.capomilazzodivingcenter.com\/wp-content\/uploads\/2022\/02\/paramuricea1-firm.jpg\" data-elementor-open-lightbox=\"yes\" data-elementor-lightbox-slideshow=\"36d15e8\" data-elementor-lightbox-title=\"paramuricea1 firm\" data-e-action-hash=\"#elementor-action%3Aaction%3Dlightbox%26settings%3DeyJpZCI6MjczMCwidXJsIjoiaHR0cHM6XC9cL3d3dy5jYXBvbWlsYXp6b2RpdmluZ2NlbnRlci5jb21cL3dwLWNvbnRlbnRcL3VwbG9hZHNcLzIwMjJcLzAyXC9wYXJhbXVyaWNlYTEtZmlybS5qcGciLCJzbGlkZXNob3ciOiIzNmQxNWU4In0%3D\">\n\t\t\t\t\t<div class=\"e-gallery-image elementor-gallery-item__image\" data-thumbnail=\"https:\/\/www.capomilazzodivingcenter.com\/wp-content\/uploads\/2022\/02\/paramuricea1-firm-207x300.jpg\" data-width=\"207\" data-height=\"300\" aria-label=\"\" role=\"img\" ><\/div>\n\t\t\t\t\t\t\t\t\t\t\t<div class=\"elementor-gallery-item__overlay\"><\/div>\n\t\t\t\t\t\t\t\t\t\t\t\t\t\t<\/a>\n\t\t\t\t\t<\/div>\n\t\t\t\t\t<\/div>\n\t\t\t\t<\/div>\n\t\t\t\t\t<\/div>\n\t\t<\/div>\n\t\t\t\t\t<\/div>\n\t\t<\/section>\n\t\t\t\t\t<\/div>\n\t\t<\/div>\n\t\t\t\t\t<\/div>\n\t\t<\/section>\n\t\t\t\t<\/div>\n\t\t","protected":false},"excerpt":{"rendered":"<p>Secca di Ponente Cinquecento metri a largo da Punta Gamba di Donna, un miglio a ovest della Secca di Levante, il fondale risale fino a -13 m dando vita alla \u201cSecca di Ponente\u201d che, per la sua ricchezza, \u00e8 uno dei punti pi\u00f9 belli del Promontorio dove effettuare immersioni con le bombole. Sono pi\u00f9 di [&hellip;]<\/p>\n","protected":false},"author":1,"featured_media":0,"parent":0,"menu_order":0,"comment_status":"closed","ping_status":"closed","template":"elementor_header_footer","meta":{"footnotes":""},"class_list":["post-2810","page","type-page","status-publish","hentry"],"_links":{"self":[{"href":"https:\/\/www.capomilazzodivingcenter.com\/index.php?rest_route=\/wp\/v2\/pages\/2810","targetHints":{"allow":["GET"]}}],"collection":[{"href":"https:\/\/www.capomilazzodivingcenter.com\/index.php?rest_route=\/wp\/v2\/pages"}],"about":[{"href":"https:\/\/www.capomilazzodivingcenter.com\/index.php?rest_route=\/wp\/v2\/types\/page"}],"author":[{"embeddable":true,"href":"https:\/\/www.capomilazzodivingcenter.com\/index.php?rest_route=\/wp\/v2\/users\/1"}],"replies":[{"embeddable":true,"href":"https:\/\/www.capomilazzodivingcenter.com\/index.php?rest_route=%2Fwp%2Fv2%2Fcomments&post=2810"}],"version-history":[{"count":13,"href":"https:\/\/www.capomilazzodivingcenter.com\/index.php?rest_route=\/wp\/v2\/pages\/2810\/revisions"}],"predecessor-version":[{"id":2827,"href":"https:\/\/www.capomilazzodivingcenter.com\/index.php?rest_route=\/wp\/v2\/pages\/2810\/revisions\/2827"}],"wp:attachment":[{"href":"https:\/\/www.capomilazzodivingcenter.com\/index.php?rest_route=%2Fwp%2Fv2%2Fmedia&parent=2810"}],"curies":[{"name":"wp","href":"https:\/\/api.w.org\/{rel}","templated":true}]}}